{"id":11965,"date":"2025-02-05T16:42:51","date_gmt":"2025-02-05T15:42:51","guid":{"rendered":"https:\/\/qjmotor.fr\/?post_type=product&#038;p=11965"},"modified":"2026-01-30T16:42:51","modified_gmt":"2026-01-30T15:42:51","slug":"srv-600-v4-2","status":"publish","type":"product","link":"https:\/\/qjmotor.fr\/fr-be\/product\/srv-600-v4-2\/","title":{"rendered":"SRV 600 V4"},"content":{"rendered":"","protected":false},"excerpt":{"rendered":"","protected":false},"featured_media":9429,"template":"","product_category":[77],"product_permis":[66,67],"product_cylindre":[29],"class_list":["post-11965","product","type-product","status-publish","has-post-thumbnail","hentry","product_category-street-cruiser-fr-be","product_permis-a-fr-be","product_permis-a2-fr-be","product_cylindre-600-cm"],"acf":[],"yoast_head":"<!-- This site is optimized with the Yoast SEO plugin v25.3 - https:\/\/yoast.com\/wordpress\/plugins\/seo\/ -->\n<title>SRV 600 V4 - QJMOTOR<\/title>\n<meta name=\"description\" content=\"Retrouvez la QJMOTOR SRV 600 V4 Moteur 4 cylindres en V, cylindr\u00e9e 561 cc, puissance maxi 68 cv (50 kW) \/ 47,6 cv (35 kW)Transmission par courroie, suspension avant fourche invers\u00e9e Marzocchi, suspension arri\u00e8re amortisseurs hydraulique, \u00e9clairage enti\u00e8rement LED, frein avant \u00e0 double disque, tableau de bord \u00e9cran LCD \u2028multifonction, permis A2 et permis A, garantie 3 ans\" \/>\n<meta name=\"robots\" content=\"index, follow, max-snippet:-1, max-image-preview:large, max-video-preview:-1\" \/>\n<link rel=\"canonical\" href=\"https:\/\/qjmotor.fr\/fr-be\/product\/srv-600-v4-2\/\" \/>\n<meta property=\"og:locale\" content=\"fr_FR\" \/>\n<meta property=\"og:type\" content=\"article\" \/>\n<meta property=\"og:title\" content=\"SRV 600 V4 - QJMOTOR\" \/>\n<meta property=\"og:description\" content=\"Retrouvez la QJMOTOR SRV 600 V4 Moteur 4 cylindres en V, cylindr\u00e9e 561 cc, puissance maxi 68 cv (50 kW) \/ 47,6 cv (35 kW)Transmission par courroie, suspension avant fourche invers\u00e9e Marzocchi, suspension arri\u00e8re amortisseurs hydraulique, \u00e9clairage enti\u00e8rement LED, frein avant \u00e0 double disque, tableau de bord \u00e9cran LCD \u2028multifonction, permis A2 et permis A, garantie 3 ans\" \/>\n<meta property=\"og:url\" content=\"https:\/\/qjmotor.fr\/fr-be\/product\/srv-600-v4-2\/\" \/>\n<meta property=\"og:site_name\" content=\"QJMOTOR\" \/>\n<meta property=\"article:publisher\" content=\"https:\/\/www.facebook.com\/people\/QJ-MOTOR-France\/61557774699867\/\" \/>\n<meta property=\"article:modified_time\" content=\"2026-01-30T15:42:51+00:00\" \/>\n<meta property=\"og:image\" content=\"https:\/\/qjmotor.fr\/wp-content\/uploads\/2025\/04\/Images-produits-QJmotor9-1.png\" \/>\n\t<meta property=\"og:image:width\" content=\"973\" \/>\n\t<meta property=\"og:image:height\" content=\"700\" \/>\n\t<meta property=\"og:image:type\" content=\"image\/png\" \/>\n<meta name=\"twitter:card\" content=\"summary_large_image\" \/>\n<script type=\"application\/ld+json\" class=\"yoast-schema-graph\">{\"@context\":\"https:\/\/schema.org\",\"@graph\":[{\"@type\":\"WebPage\",\"@id\":\"https:\/\/qjmotor.fr\/fr-be\/product\/srv-600-v4-2\/\",\"url\":\"https:\/\/qjmotor.fr\/fr-be\/product\/srv-600-v4-2\/\",\"name\":\"SRV 600 V4 - QJMOTOR\",\"isPartOf\":{\"@id\":\"https:\/\/qjmotor.fr\/fr-be\/#website\"},\"primaryImageOfPage\":{\"@id\":\"https:\/\/qjmotor.fr\/fr-be\/product\/srv-600-v4-2\/#primaryimage\"},\"image\":{\"@id\":\"https:\/\/qjmotor.fr\/fr-be\/product\/srv-600-v4-2\/#primaryimage\"},\"thumbnailUrl\":\"https:\/\/qjmotor.fr\/wp-content\/uploads\/2025\/04\/Images-produits-QJmotor9-1.png\",\"datePublished\":\"2025-02-05T15:42:51+00:00\",\"dateModified\":\"2026-01-30T15:42:51+00:00\",\"description\":\"Retrouvez la QJMOTOR SRV 600 V4 Moteur 4 cylindres en V, cylindr\u00e9e 561 cc, puissance maxi 68 cv (50 kW) \/ 47,6 cv (35 kW)Transmission par courroie, suspension avant fourche invers\u00e9e Marzocchi, suspension arri\u00e8re amortisseurs hydraulique, \u00e9clairage enti\u00e8rement LED, frein avant \u00e0 double disque, tableau de bord \u00e9cran LCD \\u2028multifonction, permis A2 et permis A, garantie 3 ans\",\"breadcrumb\":{\"@id\":\"https:\/\/qjmotor.fr\/fr-be\/product\/srv-600-v4-2\/#breadcrumb\"},\"inLanguage\":\"fr-BE\",\"potentialAction\":[{\"@type\":\"ReadAction\",\"target\":[\"https:\/\/qjmotor.fr\/fr-be\/product\/srv-600-v4-2\/\"]}]},{\"@type\":\"ImageObject\",\"inLanguage\":\"fr-BE\",\"@id\":\"https:\/\/qjmotor.fr\/fr-be\/product\/srv-600-v4-2\/#primaryimage\",\"url\":\"https:\/\/qjmotor.fr\/wp-content\/uploads\/2025\/04\/Images-produits-QJmotor9-1.png\",\"contentUrl\":\"https:\/\/qjmotor.fr\/wp-content\/uploads\/2025\/04\/Images-produits-QJmotor9-1.png\",\"width\":973,\"height\":700},{\"@type\":\"BreadcrumbList\",\"@id\":\"https:\/\/qjmotor.fr\/fr-be\/product\/srv-600-v4-2\/#breadcrumb\",\"itemListElement\":[{\"@type\":\"ListItem\",\"position\":1,\"name\":\"Accueil\",\"item\":\"https:\/\/qjmotor.fr\/fr-be\/\"},{\"@type\":\"ListItem\",\"position\":2,\"name\":\"SRV 600 V4\"}]},{\"@type\":\"WebSite\",\"@id\":\"https:\/\/qjmotor.fr\/fr-be\/#website\",\"url\":\"https:\/\/qjmotor.fr\/fr-be\/\",\"name\":\"QJMOTOR France\",\"description\":\"Always Forward\",\"publisher\":{\"@id\":\"https:\/\/qjmotor.fr\/fr-be\/#organization\"},\"potentialAction\":[{\"@type\":\"SearchAction\",\"target\":{\"@type\":\"EntryPoint\",\"urlTemplate\":\"https:\/\/qjmotor.fr\/fr-be\/?s={search_term_string}\"},\"query-input\":{\"@type\":\"PropertyValueSpecification\",\"valueRequired\":true,\"valueName\":\"search_term_string\"}}],\"inLanguage\":\"fr-BE\"},{\"@type\":\"Organization\",\"@id\":\"https:\/\/qjmotor.fr\/fr-be\/#organization\",\"name\":\"QJMOTOR France\",\"url\":\"https:\/\/qjmotor.fr\/fr-be\/\",\"logo\":{\"@type\":\"ImageObject\",\"inLanguage\":\"fr-BE\",\"@id\":\"https:\/\/qjmotor.fr\/fr-be\/#\/schema\/logo\/image\/\",\"url\":\"https:\/\/qjmotor.fr\/wp-content\/uploads\/2024\/03\/logo-qj.svg\",\"contentUrl\":\"https:\/\/qjmotor.fr\/wp-content\/uploads\/2024\/03\/logo-qj.svg\",\"width\":90,\"height\":68,\"caption\":\"QJMOTOR France\"},\"image\":{\"@id\":\"https:\/\/qjmotor.fr\/fr-be\/#\/schema\/logo\/image\/\"},\"sameAs\":[\"https:\/\/www.facebook.com\/people\/QJ-MOTOR-France\/61557774699867\/\",\"https:\/\/www.instagram.com\/qj_motor_france\/\"]}]}<\/script>\n<!-- \/ Yoast SEO plugin. -->","yoast_head_json":{"title":"SRV 600 V4 - QJMOTOR","description":"Retrouvez la QJMOTOR SRV 600 V4 Moteur 4 cylindres en V, cylindr\u00e9e 561 cc, puissance maxi 68 cv (50 kW) \/ 47,6 cv (35 kW)Transmission par courroie, suspension avant fourche invers\u00e9e Marzocchi, suspension arri\u00e8re amortisseurs hydraulique, \u00e9clairage enti\u00e8rement LED, frein avant \u00e0 double disque, tableau de bord \u00e9cran LCD \u2028multifonction, permis A2 et permis A, garantie 3 ans","robots":{"index":"index","follow":"follow","max-snippet":"max-snippet:-1","max-image-preview":"max-image-preview:large","max-video-preview":"max-video-preview:-1"},"canonical":"https:\/\/qjmotor.fr\/fr-be\/product\/srv-600-v4-2\/","og_locale":"fr_FR","og_type":"article","og_title":"SRV 600 V4 - QJMOTOR","og_description":"Retrouvez la QJMOTOR SRV 600 V4 Moteur 4 cylindres en V, cylindr\u00e9e 561 cc, puissance maxi 68 cv (50 kW) \/ 47,6 cv (35 kW)Transmission par courroie, suspension avant fourche invers\u00e9e Marzocchi, suspension arri\u00e8re amortisseurs hydraulique, \u00e9clairage enti\u00e8rement LED, frein avant \u00e0 double disque, tableau de bord \u00e9cran LCD \u2028multifonction, permis A2 et permis A, garantie 3 ans","og_url":"https:\/\/qjmotor.fr\/fr-be\/product\/srv-600-v4-2\/","og_site_name":"QJMOTOR","article_publisher":"https:\/\/www.facebook.com\/people\/QJ-MOTOR-France\/61557774699867\/","article_modified_time":"2026-01-30T15:42:51+00:00","og_image":[{"width":973,"height":700,"url":"https:\/\/qjmotor.fr\/wp-content\/uploads\/2025\/04\/Images-produits-QJmotor9-1.png","type":"image\/png"}],"twitter_card":"summary_large_image","schema":{"@context":"https:\/\/schema.org","@graph":[{"@type":"WebPage","@id":"https:\/\/qjmotor.fr\/fr-be\/product\/srv-600-v4-2\/","url":"https:\/\/qjmotor.fr\/fr-be\/product\/srv-600-v4-2\/","name":"SRV 600 V4 - QJMOTOR","isPartOf":{"@id":"https:\/\/qjmotor.fr\/fr-be\/#website"},"primaryImageOfPage":{"@id":"https:\/\/qjmotor.fr\/fr-be\/product\/srv-600-v4-2\/#primaryimage"},"image":{"@id":"https:\/\/qjmotor.fr\/fr-be\/product\/srv-600-v4-2\/#primaryimage"},"thumbnailUrl":"https:\/\/qjmotor.fr\/wp-content\/uploads\/2025\/04\/Images-produits-QJmotor9-1.png","datePublished":"2025-02-05T15:42:51+00:00","dateModified":"2026-01-30T15:42:51+00:00","description":"Retrouvez la QJMOTOR SRV 600 V4 Moteur 4 cylindres en V, cylindr\u00e9e 561 cc, puissance maxi 68 cv (50 kW) \/ 47,6 cv (35 kW)Transmission par courroie, suspension avant fourche invers\u00e9e Marzocchi, suspension arri\u00e8re amortisseurs hydraulique, \u00e9clairage enti\u00e8rement LED, frein avant \u00e0 double disque, tableau de bord \u00e9cran LCD \u2028multifonction, permis A2 et permis A, garantie 3 ans","breadcrumb":{"@id":"https:\/\/qjmotor.fr\/fr-be\/product\/srv-600-v4-2\/#breadcrumb"},"inLanguage":"fr-BE","potentialAction":[{"@type":"ReadAction","target":["https:\/\/qjmotor.fr\/fr-be\/product\/srv-600-v4-2\/"]}]},{"@type":"ImageObject","inLanguage":"fr-BE","@id":"https:\/\/qjmotor.fr\/fr-be\/product\/srv-600-v4-2\/#primaryimage","url":"https:\/\/qjmotor.fr\/wp-content\/uploads\/2025\/04\/Images-produits-QJmotor9-1.png","contentUrl":"https:\/\/qjmotor.fr\/wp-content\/uploads\/2025\/04\/Images-produits-QJmotor9-1.png","width":973,"height":700},{"@type":"BreadcrumbList","@id":"https:\/\/qjmotor.fr\/fr-be\/product\/srv-600-v4-2\/#breadcrumb","itemListElement":[{"@type":"ListItem","position":1,"name":"Accueil","item":"https:\/\/qjmotor.fr\/fr-be\/"},{"@type":"ListItem","position":2,"name":"SRV 600 V4"}]},{"@type":"WebSite","@id":"https:\/\/qjmotor.fr\/fr-be\/#website","url":"https:\/\/qjmotor.fr\/fr-be\/","name":"QJMOTOR France","description":"Always Forward","publisher":{"@id":"https:\/\/qjmotor.fr\/fr-be\/#organization"},"potentialAction":[{"@type":"SearchAction","target":{"@type":"EntryPoint","urlTemplate":"https:\/\/qjmotor.fr\/fr-be\/?s={search_term_string}"},"query-input":{"@type":"PropertyValueSpecification","valueRequired":true,"valueName":"search_term_string"}}],"inLanguage":"fr-BE"},{"@type":"Organization","@id":"https:\/\/qjmotor.fr\/fr-be\/#organization","name":"QJMOTOR France","url":"https:\/\/qjmotor.fr\/fr-be\/","logo":{"@type":"ImageObject","inLanguage":"fr-BE","@id":"https:\/\/qjmotor.fr\/fr-be\/#\/schema\/logo\/image\/","url":"https:\/\/qjmotor.fr\/wp-content\/uploads\/2024\/03\/logo-qj.svg","contentUrl":"https:\/\/qjmotor.fr\/wp-content\/uploads\/2024\/03\/logo-qj.svg","width":90,"height":68,"caption":"QJMOTOR France"},"image":{"@id":"https:\/\/qjmotor.fr\/fr-be\/#\/schema\/logo\/image\/"},"sameAs":["https:\/\/www.facebook.com\/people\/QJ-MOTOR-France\/61557774699867\/","https:\/\/www.instagram.com\/qj_motor_france\/"]}]}},"_links":{"self":[{"href":"https:\/\/qjmotor.fr\/fr-be\/wp-json\/wp\/v2\/product\/11965","targetHints":{"allow":["GET"]}}],"collection":[{"href":"https:\/\/qjmotor.fr\/fr-be\/wp-json\/wp\/v2\/product"}],"about":[{"href":"https:\/\/qjmotor.fr\/fr-be\/wp-json\/wp\/v2\/types\/product"}],"wp:featuredmedia":[{"embeddable":true,"href":"https:\/\/qjmotor.fr\/fr-be\/wp-json\/wp\/v2\/media\/9429"}],"wp:attachment":[{"href":"https:\/\/qjmotor.fr\/fr-be\/wp-json\/wp\/v2\/media?parent=11965"}],"wp:term":[{"taxonomy":"product_category","embeddable":true,"href":"https:\/\/qjmotor.fr\/fr-be\/wp-json\/wp\/v2\/product_category?post=11965"},{"taxonomy":"product_permis","embeddable":true,"href":"https:\/\/qjmotor.fr\/fr-be\/wp-json\/wp\/v2\/product_permis?post=11965"},{"taxonomy":"product_cylindre","embeddable":true,"href":"https:\/\/qjmotor.fr\/fr-be\/wp-json\/wp\/v2\/product_cylindre?post=11965"}],"curies":[{"name":"wp","href":"https:\/\/api.w.org\/{rel}","templated":true}]}}