{"id":11960,"date":"2025-02-08T12:10:57","date_gmt":"2025-02-08T11:10:57","guid":{"rendered":"https:\/\/qjmotor.fr\/?post_type=product&#038;p=11960"},"modified":"2026-02-18T12:10:57","modified_gmt":"2026-02-18T11:10:57","slug":"srk-125-s-2","status":"publish","type":"product","link":"https:\/\/qjmotor.fr\/fr-ch\/product\/srk-125-s-2\/","title":{"rendered":"SRK 125 S"},"content":{"rendered":"","protected":false},"excerpt":{"rendered":"","protected":false},"featured_media":9424,"template":"","product_category":[98,74,21],"product_permis":[89],"product_cylindre":[35],"class_list":["post-11960","product","type-product","status-publish","has-post-thumbnail","hentry","product_category-125-cm-fr-ch","product_category-adventure-fr-ch","product_category-adventure","product_permis-a1-fr-ch","product_cylindre-125-cm"],"acf":[],"yoast_head":"<!-- This site is optimized with the Yoast SEO plugin v25.3 - https:\/\/yoast.com\/wordpress\/plugins\/seo\/ -->\n<title>SRK 125 S - QJMOTOR<\/title>\n<meta name=\"description\" content=\"Retrouvez la QJMOTOR SRK 125 S Monocylindre, 4 soupapes, cylindr\u00e9e 125cm\u00b3, puissance 14,9 CH, \u00e9clairage enti\u00e8rement LED, frein avant et arri\u00e8re simple disque (ABS), suspension avant fourche invers\u00e9e, tableau de bord \u00e9cran TFT en couleur, permis A1\" \/>\n<meta name=\"robots\" content=\"index, follow, max-snippet:-1, max-image-preview:large, max-video-preview:-1\" \/>\n<link rel=\"canonical\" href=\"https:\/\/qjmotor.fr\/fr-ch\/product\/srk-125-s-2\/\" \/>\n<meta property=\"og:locale\" content=\"fr_FR\" \/>\n<meta property=\"og:type\" content=\"article\" \/>\n<meta property=\"og:title\" content=\"SRK 125 S - QJMOTOR\" \/>\n<meta property=\"og:description\" content=\"Retrouvez la QJMOTOR SRK 125 S Monocylindre, 4 soupapes, cylindr\u00e9e 125cm\u00b3, puissance 14,9 CH, \u00e9clairage enti\u00e8rement LED, frein avant et arri\u00e8re simple disque (ABS), suspension avant fourche invers\u00e9e, tableau de bord \u00e9cran TFT en couleur, permis A1\" \/>\n<meta property=\"og:url\" content=\"https:\/\/qjmotor.fr\/fr-ch\/product\/srk-125-s-2\/\" \/>\n<meta property=\"og:site_name\" content=\"QJMOTOR\" \/>\n<meta property=\"article:publisher\" content=\"https:\/\/www.facebook.com\/people\/QJ-MOTOR-France\/61557774699867\/\" \/>\n<meta property=\"article:modified_time\" content=\"2026-02-18T11:10:57+00:00\" \/>\n<meta property=\"og:image\" content=\"https:\/\/qjmotor.fr\/wp-content\/uploads\/2024\/05\/Images-produits-QJmotor8.png\" \/>\n\t<meta property=\"og:image:width\" content=\"973\" \/>\n\t<meta property=\"og:image:height\" content=\"700\" \/>\n\t<meta property=\"og:image:type\" content=\"image\/png\" \/>\n<meta name=\"twitter:card\" content=\"summary_large_image\" \/>\n<script type=\"application\/ld+json\" class=\"yoast-schema-graph\">{\"@context\":\"https:\/\/schema.org\",\"@graph\":[{\"@type\":\"WebPage\",\"@id\":\"https:\/\/qjmotor.fr\/fr-ch\/product\/srk-125-s-2\/\",\"url\":\"https:\/\/qjmotor.fr\/fr-ch\/product\/srk-125-s-2\/\",\"name\":\"SRK 125 S - QJMOTOR\",\"isPartOf\":{\"@id\":\"https:\/\/qjmotor.fr\/fr-ch\/#website\"},\"primaryImageOfPage\":{\"@id\":\"https:\/\/qjmotor.fr\/fr-ch\/product\/srk-125-s-2\/#primaryimage\"},\"image\":{\"@id\":\"https:\/\/qjmotor.fr\/fr-ch\/product\/srk-125-s-2\/#primaryimage\"},\"thumbnailUrl\":\"https:\/\/qjmotor.fr\/wp-content\/uploads\/2024\/05\/Images-produits-QJmotor8.png\",\"datePublished\":\"2025-02-08T11:10:57+00:00\",\"dateModified\":\"2026-02-18T11:10:57+00:00\",\"description\":\"Retrouvez la QJMOTOR SRK 125 S Monocylindre, 4 soupapes, cylindr\u00e9e 125cm\u00b3, puissance 14,9 CH, \u00e9clairage enti\u00e8rement LED, frein avant et arri\u00e8re simple disque (ABS), suspension avant fourche invers\u00e9e, tableau de bord \u00e9cran TFT en couleur, permis A1\",\"breadcrumb\":{\"@id\":\"https:\/\/qjmotor.fr\/fr-ch\/product\/srk-125-s-2\/#breadcrumb\"},\"inLanguage\":\"fr-CH\",\"potentialAction\":[{\"@type\":\"ReadAction\",\"target\":[\"https:\/\/qjmotor.fr\/fr-ch\/product\/srk-125-s-2\/\"]}]},{\"@type\":\"ImageObject\",\"inLanguage\":\"fr-CH\",\"@id\":\"https:\/\/qjmotor.fr\/fr-ch\/product\/srk-125-s-2\/#primaryimage\",\"url\":\"https:\/\/qjmotor.fr\/wp-content\/uploads\/2024\/05\/Images-produits-QJmotor8.png\",\"contentUrl\":\"https:\/\/qjmotor.fr\/wp-content\/uploads\/2024\/05\/Images-produits-QJmotor8.png\",\"width\":973,\"height\":700},{\"@type\":\"BreadcrumbList\",\"@id\":\"https:\/\/qjmotor.fr\/fr-ch\/product\/srk-125-s-2\/#breadcrumb\",\"itemListElement\":[{\"@type\":\"ListItem\",\"position\":1,\"name\":\"Accueil\",\"item\":\"https:\/\/qjmotor.fr\/fr-ch\/\"},{\"@type\":\"ListItem\",\"position\":2,\"name\":\"SRK 125 S\"}]},{\"@type\":\"WebSite\",\"@id\":\"https:\/\/qjmotor.fr\/fr-ch\/#website\",\"url\":\"https:\/\/qjmotor.fr\/fr-ch\/\",\"name\":\"QJMOTOR France\",\"description\":\"Always Forward\",\"publisher\":{\"@id\":\"https:\/\/qjmotor.fr\/fr-ch\/#organization\"},\"potentialAction\":[{\"@type\":\"SearchAction\",\"target\":{\"@type\":\"EntryPoint\",\"urlTemplate\":\"https:\/\/qjmotor.fr\/fr-ch\/?s={search_term_string}\"},\"query-input\":{\"@type\":\"PropertyValueSpecification\",\"valueRequired\":true,\"valueName\":\"search_term_string\"}}],\"inLanguage\":\"fr-CH\"},{\"@type\":\"Organization\",\"@id\":\"https:\/\/qjmotor.fr\/fr-ch\/#organization\",\"name\":\"QJMOTOR France\",\"url\":\"https:\/\/qjmotor.fr\/fr-ch\/\",\"logo\":{\"@type\":\"ImageObject\",\"inLanguage\":\"fr-CH\",\"@id\":\"https:\/\/qjmotor.fr\/fr-ch\/#\/schema\/logo\/image\/\",\"url\":\"https:\/\/qjmotor.fr\/wp-content\/uploads\/2024\/03\/logo-qj.svg\",\"contentUrl\":\"https:\/\/qjmotor.fr\/wp-content\/uploads\/2024\/03\/logo-qj.svg\",\"width\":90,\"height\":68,\"caption\":\"QJMOTOR France\"},\"image\":{\"@id\":\"https:\/\/qjmotor.fr\/fr-ch\/#\/schema\/logo\/image\/\"},\"sameAs\":[\"https:\/\/www.facebook.com\/people\/QJ-MOTOR-France\/61557774699867\/\",\"https:\/\/www.instagram.com\/qj_motor_france\/\"]}]}<\/script>\n<!-- \/ Yoast SEO plugin. -->","yoast_head_json":{"title":"SRK 125 S - QJMOTOR","description":"Retrouvez la QJMOTOR SRK 125 S Monocylindre, 4 soupapes, cylindr\u00e9e 125cm\u00b3, puissance 14,9 CH, \u00e9clairage enti\u00e8rement LED, frein avant et arri\u00e8re simple disque (ABS), suspension avant fourche invers\u00e9e, tableau de bord \u00e9cran TFT en couleur, permis A1","robots":{"index":"index","follow":"follow","max-snippet":"max-snippet:-1","max-image-preview":"max-image-preview:large","max-video-preview":"max-video-preview:-1"},"canonical":"https:\/\/qjmotor.fr\/fr-ch\/product\/srk-125-s-2\/","og_locale":"fr_FR","og_type":"article","og_title":"SRK 125 S - QJMOTOR","og_description":"Retrouvez la QJMOTOR SRK 125 S Monocylindre, 4 soupapes, cylindr\u00e9e 125cm\u00b3, puissance 14,9 CH, \u00e9clairage enti\u00e8rement LED, frein avant et arri\u00e8re simple disque (ABS), suspension avant fourche invers\u00e9e, tableau de bord \u00e9cran TFT en couleur, permis A1","og_url":"https:\/\/qjmotor.fr\/fr-ch\/product\/srk-125-s-2\/","og_site_name":"QJMOTOR","article_publisher":"https:\/\/www.facebook.com\/people\/QJ-MOTOR-France\/61557774699867\/","article_modified_time":"2026-02-18T11:10:57+00:00","og_image":[{"width":973,"height":700,"url":"https:\/\/qjmotor.fr\/wp-content\/uploads\/2024\/05\/Images-produits-QJmotor8.png","type":"image\/png"}],"twitter_card":"summary_large_image","schema":{"@context":"https:\/\/schema.org","@graph":[{"@type":"WebPage","@id":"https:\/\/qjmotor.fr\/fr-ch\/product\/srk-125-s-2\/","url":"https:\/\/qjmotor.fr\/fr-ch\/product\/srk-125-s-2\/","name":"SRK 125 S - QJMOTOR","isPartOf":{"@id":"https:\/\/qjmotor.fr\/fr-ch\/#website"},"primaryImageOfPage":{"@id":"https:\/\/qjmotor.fr\/fr-ch\/product\/srk-125-s-2\/#primaryimage"},"image":{"@id":"https:\/\/qjmotor.fr\/fr-ch\/product\/srk-125-s-2\/#primaryimage"},"thumbnailUrl":"https:\/\/qjmotor.fr\/wp-content\/uploads\/2024\/05\/Images-produits-QJmotor8.png","datePublished":"2025-02-08T11:10:57+00:00","dateModified":"2026-02-18T11:10:57+00:00","description":"Retrouvez la QJMOTOR SRK 125 S Monocylindre, 4 soupapes, cylindr\u00e9e 125cm\u00b3, puissance 14,9 CH, \u00e9clairage enti\u00e8rement LED, frein avant et arri\u00e8re simple disque (ABS), suspension avant fourche invers\u00e9e, tableau de bord \u00e9cran TFT en couleur, permis A1","breadcrumb":{"@id":"https:\/\/qjmotor.fr\/fr-ch\/product\/srk-125-s-2\/#breadcrumb"},"inLanguage":"fr-CH","potentialAction":[{"@type":"ReadAction","target":["https:\/\/qjmotor.fr\/fr-ch\/product\/srk-125-s-2\/"]}]},{"@type":"ImageObject","inLanguage":"fr-CH","@id":"https:\/\/qjmotor.fr\/fr-ch\/product\/srk-125-s-2\/#primaryimage","url":"https:\/\/qjmotor.fr\/wp-content\/uploads\/2024\/05\/Images-produits-QJmotor8.png","contentUrl":"https:\/\/qjmotor.fr\/wp-content\/uploads\/2024\/05\/Images-produits-QJmotor8.png","width":973,"height":700},{"@type":"BreadcrumbList","@id":"https:\/\/qjmotor.fr\/fr-ch\/product\/srk-125-s-2\/#breadcrumb","itemListElement":[{"@type":"ListItem","position":1,"name":"Accueil","item":"https:\/\/qjmotor.fr\/fr-ch\/"},{"@type":"ListItem","position":2,"name":"SRK 125 S"}]},{"@type":"WebSite","@id":"https:\/\/qjmotor.fr\/fr-ch\/#website","url":"https:\/\/qjmotor.fr\/fr-ch\/","name":"QJMOTOR France","description":"Always Forward","publisher":{"@id":"https:\/\/qjmotor.fr\/fr-ch\/#organization"},"potentialAction":[{"@type":"SearchAction","target":{"@type":"EntryPoint","urlTemplate":"https:\/\/qjmotor.fr\/fr-ch\/?s={search_term_string}"},"query-input":{"@type":"PropertyValueSpecification","valueRequired":true,"valueName":"search_term_string"}}],"inLanguage":"fr-CH"},{"@type":"Organization","@id":"https:\/\/qjmotor.fr\/fr-ch\/#organization","name":"QJMOTOR France","url":"https:\/\/qjmotor.fr\/fr-ch\/","logo":{"@type":"ImageObject","inLanguage":"fr-CH","@id":"https:\/\/qjmotor.fr\/fr-ch\/#\/schema\/logo\/image\/","url":"https:\/\/qjmotor.fr\/wp-content\/uploads\/2024\/03\/logo-qj.svg","contentUrl":"https:\/\/qjmotor.fr\/wp-content\/uploads\/2024\/03\/logo-qj.svg","width":90,"height":68,"caption":"QJMOTOR France"},"image":{"@id":"https:\/\/qjmotor.fr\/fr-ch\/#\/schema\/logo\/image\/"},"sameAs":["https:\/\/www.facebook.com\/people\/QJ-MOTOR-France\/61557774699867\/","https:\/\/www.instagram.com\/qj_motor_france\/"]}]}},"_links":{"self":[{"href":"https:\/\/qjmotor.fr\/fr-ch\/wp-json\/wp\/v2\/product\/11960","targetHints":{"allow":["GET"]}}],"collection":[{"href":"https:\/\/qjmotor.fr\/fr-ch\/wp-json\/wp\/v2\/product"}],"about":[{"href":"https:\/\/qjmotor.fr\/fr-ch\/wp-json\/wp\/v2\/types\/product"}],"wp:featuredmedia":[{"embeddable":true,"href":"https:\/\/qjmotor.fr\/fr-ch\/wp-json\/wp\/v2\/media\/9424"}],"wp:attachment":[{"href":"https:\/\/qjmotor.fr\/fr-ch\/wp-json\/wp\/v2\/media?parent=11960"}],"wp:term":[{"taxonomy":"product_category","embeddable":true,"href":"https:\/\/qjmotor.fr\/fr-ch\/wp-json\/wp\/v2\/product_category?post=11960"},{"taxonomy":"product_permis","embeddable":true,"href":"https:\/\/qjmotor.fr\/fr-ch\/wp-json\/wp\/v2\/product_permis?post=11960"},{"taxonomy":"product_cylindre","embeddable":true,"href":"https:\/\/qjmotor.fr\/fr-ch\/wp-json\/wp\/v2\/product_cylindre?post=11960"}],"curies":[{"name":"wp","href":"https:\/\/api.w.org\/{rel}","templated":true}]}}